{"id":5247,"date":"2023-04-25T15:31:55","date_gmt":"2023-04-25T15:31:55","guid":{"rendered":"https:\/\/inspirademo.ulaideas.com\/?post_type=product&#038;p=5247"},"modified":"2023-04-25T15:36:02","modified_gmt":"2023-04-25T15:36:02","slug":"emergencia","status":"publish","type":"product","link":"https:\/\/inspirademo.ulaideas.com\/index.php\/product\/emergencia\/","title":{"rendered":"Emergencia"},"content":{"rendered":"<p>Este formato es ideal para mostrar un lanzamiento o un producto, servicio u otra cosa a la que se le quiera dar protagonismo. En este caso, la marca Paketaxo lo utiliz\u00f3 haciendo un formato de caja de emergencia. Nuestro prop\u00f3sito es que el ejemplo te sirva como un insumo creativo y, a partir de este, generes nuevas ideas geniales, d\u00e1ndole diferentes giros. Te proponemos uno de tantos posibles que ser\u00eda utilizar una m\u00e1quina dispensadora con un copy tipo&#8221;lo necesitas, toma uno&#8221;. \u00a1Insp\u00edrate, crea nuevas maneras de hacerlo y comp\u00e1rtelas!<\/p>\n","protected":false},"excerpt":{"rendered":"<p><iframe loading=\"lazy\" src=\"https:\/\/www.facebook.com\/plugins\/post.php?href=https%3A%2F%2Fwww.facebook.com%2FPaketaxoMX%2Fphotos%2Fa.554586324575314%2F2304100349623894%2F%3Ftype%3D3&#038;show_text=true&#038;width=500\" width=\"500\" height=\"590\" style=\"border:none;overflow:hidden\" scrolling=\"no\" frameborder=\"0\" allowfullscreen=\"true\" allow=\"autoplay; clipboard-write; encrypted-media; picture-in-picture; web-share\"><\/iframe><\/p>\n","protected":false},"featured_media":5248,"comment_status":"open","ping_status":"closed","template":"","meta":{"inline_featured_image":false},"product_cat":[34],"product_tag":[23,42,40,41],"_links":{"self":[{"href":"https:\/\/inspirademo.ulaideas.com\/index.php\/wp-json\/wp\/v3\/product\/5247"}],"collection":[{"href":"https:\/\/inspirademo.ulaideas.com\/index.php\/wp-json\/wp\/v3\/product"}],"about":[{"href":"https:\/\/inspirademo.ulaideas.com\/index.php\/wp-json\/wp\/v2\/types\/product"}],"replies":[{"embeddable":true,"href":"https:\/\/inspirademo.ulaideas.com\/index.php\/wp-json\/wp\/v2\/comments?post=5247"}],"wp:featuredmedia":[{"embeddable":true,"href":"https:\/\/inspirademo.ulaideas.com\/index.php\/wp-json\/wp\/v2\/media\/5248"}],"wp:attachment":[{"href":"https:\/\/inspirademo.ulaideas.com\/index.php\/wp-json\/wp\/v2\/media?parent=5247"}],"wp:term":[{"taxonomy":"product_cat","embeddable":true,"href":"https:\/\/inspirademo.ulaideas.com\/index.php\/wp-json\/wp\/v2\/product_cat?post=5247"},{"taxonomy":"product_tag","embeddable":true,"href":"https:\/\/inspirademo.ulaideas.com\/index.php\/wp-json\/wp\/v2\/product_tag?post=5247"}],"curies":[{"name":"wp","href":"https:\/\/api.w.org\/{rel}","templated":true}]}}