{"id":5249,"date":"2023-04-25T15:36:23","date_gmt":"2023-04-25T15:36:23","guid":{"rendered":"https:\/\/inspirademo.ulaideas.com\/?post_type=product&#038;p=5249"},"modified":"2023-04-25T15:39:11","modified_gmt":"2023-04-25T15:39:11","slug":"rompecabezas","status":"publish","type":"product","link":"https:\/\/inspirademo.ulaideas.com\/index.php\/product\/rompecabezas\/","title":{"rendered":"Rompecabezas"},"content":{"rendered":"<p>Este formato es ideal para mostrar diferentes opciones y hacer que los usuarios puedan escoger la de su preferencia. En este caso, la marca Burger King lo utiliz\u00f3 haciendo algo parecido a un rompecabezas sobre la foto de un producto y para cada uno ten\u00edan una opci\u00f3n diferente. Nuestro prop\u00f3sito es que el ejemplo te sirva como un insumo creativo y, a partir de este, generes nuevas ideas geniales, d\u00e1ndole diferentes giros. Te proponemos uno de tantos posibles que ser\u00eda utilizar una ruleta que contenga diferentes opciones para que el usuario escoja su favorita. \u00a1Insp\u00edrate, crea nuevas maneras de hacerlo y comp\u00e1rtelas!<\/p>\n","protected":false},"excerpt":{"rendered":"<blockquote class=\"twitter-tweet\">\n<p lang=\"en\" dir=\"ltr\">When it comes to Chicken Nuggets, it&#39;s all in the dips. <a href=\"http:\/\/t.co\/TPoP8Inkev\">pic.twitter.com\/TPoP8Inkev<\/a><\/p>\n<p>&mdash; Burger King (@BurgerKing) <a href=\"https:\/\/twitter.com\/BurgerKing\/status\/356881041966911488?ref_src=twsrc%5Etfw\">July 15, 2013<\/a><\/p><\/blockquote>\n<p> <script async src=\"https:\/\/platform.twitter.com\/widgets.js\" charset=\"utf-8\"><\/script><\/p>\n","protected":false},"featured_media":5250,"comment_status":"open","ping_status":"closed","template":"","meta":{"inline_featured_image":false},"product_cat":[43],"product_tag":[23,44,45,42],"_links":{"self":[{"href":"https:\/\/inspirademo.ulaideas.com\/index.php\/wp-json\/wp\/v3\/product\/5249"}],"collection":[{"href":"https:\/\/inspirademo.ulaideas.com\/index.php\/wp-json\/wp\/v3\/product"}],"about":[{"href":"https:\/\/inspirademo.ulaideas.com\/index.php\/wp-json\/wp\/v2\/types\/product"}],"replies":[{"embeddable":true,"href":"https:\/\/inspirademo.ulaideas.com\/index.php\/wp-json\/wp\/v2\/comments?post=5249"}],"wp:featuredmedia":[{"embeddable":true,"href":"https:\/\/inspirademo.ulaideas.com\/index.php\/wp-json\/wp\/v2\/media\/5250"}],"wp:attachment":[{"href":"https:\/\/inspirademo.ulaideas.com\/index.php\/wp-json\/wp\/v2\/media?parent=5249"}],"wp:term":[{"taxonomy":"product_cat","embeddable":true,"href":"https:\/\/inspirademo.ulaideas.com\/index.php\/wp-json\/wp\/v2\/product_cat?post=5249"},{"taxonomy":"product_tag","embeddable":true,"href":"https:\/\/inspirademo.ulaideas.com\/index.php\/wp-json\/wp\/v2\/product_tag?post=5249"}],"curies":[{"name":"wp","href":"https:\/\/api.w.org\/{rel}","templated":true}]}}