{"id":5251,"date":"2023-04-25T15:40:26","date_gmt":"2023-04-25T15:40:26","guid":{"rendered":"https:\/\/inspirademo.ulaideas.com\/?post_type=product&#038;p=5251"},"modified":"2023-04-25T15:42:36","modified_gmt":"2023-04-25T15:42:36","slug":"laberinto","status":"publish","type":"product","link":"https:\/\/inspirademo.ulaideas.com\/index.php\/product\/laberinto\/","title":{"rendered":"Laberinto"},"content":{"rendered":"<p>Este formato es ideal para mostrar un producto que se quiera resaltar y hacer que los usuarios interact\u00faen. En este caso, la marca La Coste\u00f1a lo utiliz\u00f3 haciendo un formato de laberinto con diferentes opciones para llegar al producto donde s\u00f3lo una es correcta. Nuestro prop\u00f3sito es que el ejemplo te sirva como un insumo creativo y, a partir de este, generes nuevas ideas geniales, d\u00e1ndole diferentes giros. Te proponemos uno de tantos posibles que ser\u00eda hacer un tipo de mapa que se vaya diversificando en opciones y donde s\u00f3lo una llegue al producto. \u00a1Insp\u00edrate, crea nuevas maneras de hacerlo y comp\u00e1rtelas!<\/p>\n","protected":false},"excerpt":{"rendered":"<p><iframe loading=\"lazy\" src=\"https:\/\/www.facebook.com\/plugins\/post.php?href=https%3A%2F%2Fwww.facebook.com%2Flacostenamx%2Fposts%2Fpfbid02RLa3JEhSj4XjTkeYs7DndFU8e5NYptTnogGg2yLFHMSBXThMcG989FqCbrmKEXuyl&#038;show_text=true&#038;width=500\" width=\"500\" height=\"628\" style=\"border:none;overflow:hidden\" scrolling=\"no\" frameborder=\"0\" allowfullscreen=\"true\" allow=\"autoplay; clipboard-write; encrypted-media; picture-in-picture; web-share\"><\/iframe><\/p>\n","protected":false},"featured_media":5252,"comment_status":"open","ping_status":"closed","template":"","meta":{"inline_featured_image":false},"product_cat":[34],"product_tag":[23,42,46,47],"_links":{"self":[{"href":"https:\/\/inspirademo.ulaideas.com\/index.php\/wp-json\/wp\/v3\/product\/5251"}],"collection":[{"href":"https:\/\/inspirademo.ulaideas.com\/index.php\/wp-json\/wp\/v3\/product"}],"about":[{"href":"https:\/\/inspirademo.ulaideas.com\/index.php\/wp-json\/wp\/v2\/types\/product"}],"replies":[{"embeddable":true,"href":"https:\/\/inspirademo.ulaideas.com\/index.php\/wp-json\/wp\/v2\/comments?post=5251"}],"wp:featuredmedia":[{"embeddable":true,"href":"https:\/\/inspirademo.ulaideas.com\/index.php\/wp-json\/wp\/v2\/media\/5252"}],"wp:attachment":[{"href":"https:\/\/inspirademo.ulaideas.com\/index.php\/wp-json\/wp\/v2\/media?parent=5251"}],"wp:term":[{"taxonomy":"product_cat","embeddable":true,"href":"https:\/\/inspirademo.ulaideas.com\/index.php\/wp-json\/wp\/v2\/product_cat?post=5251"},{"taxonomy":"product_tag","embeddable":true,"href":"https:\/\/inspirademo.ulaideas.com\/index.php\/wp-json\/wp\/v2\/product_tag?post=5251"}],"curies":[{"name":"wp","href":"https:\/\/api.w.org\/{rel}","templated":true}]}}