{"id":5253,"date":"2023-04-25T15:42:42","date_gmt":"2023-04-25T15:42:42","guid":{"rendered":"https:\/\/inspirademo.ulaideas.com\/?post_type=product&#038;p=5253"},"modified":"2023-04-25T15:45:59","modified_gmt":"2023-04-25T15:45:59","slug":"votacion-con-reaccion","status":"publish","type":"product","link":"https:\/\/inspirademo.ulaideas.com\/index.php\/product\/votacion-con-reaccion\/","title":{"rendered":"Votaci\u00f3n con reacci\u00f3n"},"content":{"rendered":"<p>Este formato es ideal para mostrar diferentes opciones para que los usuarios comenten sobre su favorita. En este caso, la marca Juan Valdez lo utiliz\u00f3 haciendo un collage de im\u00e1genes que ten\u00edan asignadas un emoji cada una como identificador para elegir. Nuestro prop\u00f3sito es que el ejemplo te sirva como un insumo creativo y, a partir de este, generes nuevas ideas geniales, d\u00e1ndole diferentes giros. Te proponemos uno de tantos posibles que ser\u00eda pasar las diferentes im\u00e1genes, una tras de otra, en un reel y que el usuario pulse la pantalla del tel\u00e9fono o la tablet, o de click en el computador para pausar en la que quiere elegir. \u00a1Insp\u00edrate, crea nuevas maneras de hacerlo y comp\u00e1rtelas!<\/p>\n","protected":false},"excerpt":{"rendered":"<p><iframe loading=\"lazy\" src=\"https:\/\/www.facebook.com\/plugins\/post.php?href=https%3A%2F%2Fwww.facebook.com%2FJuanValdezCafe%2Fposts%2Fpfbid033MS3du9qVL6UBZKeAMCS1pkHRLZPQVWRXzbXyDZdSFDLraPEibiUKkokCHixofeRl&#038;show_text=true&#038;width=500\" width=\"500\" height=\"589\" style=\"border:none;overflow:hidden\" scrolling=\"no\" frameborder=\"0\" allowfullscreen=\"true\" allow=\"autoplay; clipboard-write; encrypted-media; picture-in-picture; web-share\"><\/iframe><\/p>\n","protected":false},"featured_media":5254,"comment_status":"open","ping_status":"closed","template":"","meta":{"inline_featured_image":false},"product_cat":[34],"product_tag":[48,50,42,49],"_links":{"self":[{"href":"https:\/\/inspirademo.ulaideas.com\/index.php\/wp-json\/wp\/v3\/product\/5253"}],"collection":[{"href":"https:\/\/inspirademo.ulaideas.com\/index.php\/wp-json\/wp\/v3\/product"}],"about":[{"href":"https:\/\/inspirademo.ulaideas.com\/index.php\/wp-json\/wp\/v2\/types\/product"}],"replies":[{"embeddable":true,"href":"https:\/\/inspirademo.ulaideas.com\/index.php\/wp-json\/wp\/v2\/comments?post=5253"}],"wp:featuredmedia":[{"embeddable":true,"href":"https:\/\/inspirademo.ulaideas.com\/index.php\/wp-json\/wp\/v2\/media\/5254"}],"wp:attachment":[{"href":"https:\/\/inspirademo.ulaideas.com\/index.php\/wp-json\/wp\/v2\/media?parent=5253"}],"wp:term":[{"taxonomy":"product_cat","embeddable":true,"href":"https:\/\/inspirademo.ulaideas.com\/index.php\/wp-json\/wp\/v2\/product_cat?post=5253"},{"taxonomy":"product_tag","embeddable":true,"href":"https:\/\/inspirademo.ulaideas.com\/index.php\/wp-json\/wp\/v2\/product_tag?post=5253"}],"curies":[{"name":"wp","href":"https:\/\/api.w.org\/{rel}","templated":true}]}}