{"id":5339,"date":"2023-04-28T23:27:54","date_gmt":"2023-04-28T23:27:54","guid":{"rendered":"https:\/\/inspirademo.ulaideas.com\/?post_type=product&#038;p=5339"},"modified":"2023-04-29T13:55:52","modified_gmt":"2023-04-29T13:55:52","slug":"reorganizar-el-mensaje","status":"publish","type":"product","link":"https:\/\/inspirademo.ulaideas.com\/index.php\/product\/reorganizar-el-mensaje\/","title":{"rendered":"Reorganizar el mensaje"},"content":{"rendered":"<p>Este formato es ideal para resaltar un producto o mostrar un mensaje. En este caso, la marca Cream Helado lo utiliz\u00f3 haciendo un reto de organizar las palabras que componen el mensaje. Nuestro prop\u00f3sito es que el ejemplo te sirva como un insumo creativo y, a partir de este, generes nuevas ideas geniales, d\u00e1ndole diferentes giros. Te proponemos uno de tantos posibles que ser\u00eda utilizar el reto de adivinar el orden de la imagen, colocando la ilustraci\u00f3n del producto o frase dividida en 4 partes y en diferente orden. \u00a1Insp\u00edrate, crea nuevas maneras de hacerlo y comp\u00e1rtelas!<\/p>\n","protected":false},"excerpt":{"rendered":"<p><iframe loading=\"lazy\" src=\"https:\/\/www.facebook.com\/plugins\/post.php?href=https%3A%2F%2Fwww.facebook.com%2FChocoConoCol%2Fposts%2Fpfbid0V7DGKNmux7AgYtBsKxyM9ZVh9MW8rUL9D7z35YWc1Z8bqx7T7rKxsm5a6fQZqgAdl&#038;show_text=true&#038;width=500\" width=\"500\" height=\"610\" style=\"border:none;overflow:hidden\" scrolling=\"no\" frameborder=\"0\" allowfullscreen=\"true\" allow=\"autoplay; clipboard-write; encrypted-media; picture-in-picture; web-share\"><\/iframe><\/p>\n","protected":false},"featured_media":5340,"comment_status":"open","ping_status":"closed","template":"","meta":{"inline_featured_image":false},"product_cat":[34],"product_tag":[23,84,36,42],"_links":{"self":[{"href":"https:\/\/inspirademo.ulaideas.com\/index.php\/wp-json\/wp\/v3\/product\/5339"}],"collection":[{"href":"https:\/\/inspirademo.ulaideas.com\/index.php\/wp-json\/wp\/v3\/product"}],"about":[{"href":"https:\/\/inspirademo.ulaideas.com\/index.php\/wp-json\/wp\/v2\/types\/product"}],"replies":[{"embeddable":true,"href":"https:\/\/inspirademo.ulaideas.com\/index.php\/wp-json\/wp\/v2\/comments?post=5339"}],"wp:featuredmedia":[{"embeddable":true,"href":"https:\/\/inspirademo.ulaideas.com\/index.php\/wp-json\/wp\/v2\/media\/5340"}],"wp:attachment":[{"href":"https:\/\/inspirademo.ulaideas.com\/index.php\/wp-json\/wp\/v2\/media?parent=5339"}],"wp:term":[{"taxonomy":"product_cat","embeddable":true,"href":"https:\/\/inspirademo.ulaideas.com\/index.php\/wp-json\/wp\/v2\/product_cat?post=5339"},{"taxonomy":"product_tag","embeddable":true,"href":"https:\/\/inspirademo.ulaideas.com\/index.php\/wp-json\/wp\/v2\/product_tag?post=5339"}],"curies":[{"name":"wp","href":"https:\/\/api.w.org\/{rel}","templated":true}]}}