{"id":5350,"date":"2023-05-03T12:02:21","date_gmt":"2023-05-03T12:02:21","guid":{"rendered":"https:\/\/inspirademo.ulaideas.com\/?post_type=product&#038;p=5350"},"modified":"2023-05-03T12:09:43","modified_gmt":"2023-05-03T12:09:43","slug":"imagen-oculta","status":"publish","type":"product","link":"https:\/\/inspirademo.ulaideas.com\/index.php\/product\/imagen-oculta\/","title":{"rendered":"Imagen oculta"},"content":{"rendered":"<p>Este formato es ideal para mostrar cualquier cosa que se quiera resaltar. En este caso, la marca \u00dcla Ideas, para Bayer, lo utiliz\u00f3 haciendo una textura que ocultaba la imagen de un animal. Nuestro prop\u00f3sito es que el ejemplo te sirva como un insumo creativo y, a partir de este, generes nuevas ideas geniales, d\u00e1ndole diferentes giros. Te proponemos uno de tantos posibles que ser\u00eda utilizar un dise\u00f1o con dos colores diferentes donde un color oculte lo que muestra el otro y s\u00f3lo se pueda ver si el usuario utiliza un filtro del mismo color que resalta para que lo anule y deje ver el oculto. \u00a1Insp\u00edrate, crea nuevas maneras de hacerlo y comp\u00e1rtelas!<\/p>\n","protected":false},"excerpt":{"rendered":"<p><iframe loading=\"lazy\" src=\"https:\/\/www.facebook.com\/plugins\/post.php?href=https%3A%2F%2Fwww.facebook.com%2F100245642649911%2Fphotos%2Fa.114126121261863%2F176536021687539%2F%3Ftype%3D3&#038;show_text=true&#038;width=500\" width=\"500\" height=\"660\" style=\"border:none;overflow:hidden\" scrolling=\"no\" frameborder=\"0\" allowfullscreen=\"true\" allow=\"autoplay; clipboard-write; encrypted-media; picture-in-picture; web-share\"><\/iframe><\/p>\n","protected":false},"featured_media":5351,"comment_status":"open","ping_status":"closed","template":"","meta":{"inline_featured_image":false},"product_cat":[34],"product_tag":[42,87,56,88],"_links":{"self":[{"href":"https:\/\/inspirademo.ulaideas.com\/index.php\/wp-json\/wp\/v3\/product\/5350"}],"collection":[{"href":"https:\/\/inspirademo.ulaideas.com\/index.php\/wp-json\/wp\/v3\/product"}],"about":[{"href":"https:\/\/inspirademo.ulaideas.com\/index.php\/wp-json\/wp\/v2\/types\/product"}],"replies":[{"embeddable":true,"href":"https:\/\/inspirademo.ulaideas.com\/index.php\/wp-json\/wp\/v2\/comments?post=5350"}],"wp:featuredmedia":[{"embeddable":true,"href":"https:\/\/inspirademo.ulaideas.com\/index.php\/wp-json\/wp\/v2\/media\/5351"}],"wp:attachment":[{"href":"https:\/\/inspirademo.ulaideas.com\/index.php\/wp-json\/wp\/v2\/media?parent=5350"}],"wp:term":[{"taxonomy":"product_cat","embeddable":true,"href":"https:\/\/inspirademo.ulaideas.com\/index.php\/wp-json\/wp\/v2\/product_cat?post=5350"},{"taxonomy":"product_tag","embeddable":true,"href":"https:\/\/inspirademo.ulaideas.com\/index.php\/wp-json\/wp\/v2\/product_tag?post=5350"}],"curies":[{"name":"wp","href":"https:\/\/api.w.org\/{rel}","templated":true}]}}