{"id":5358,"date":"2023-05-03T12:25:54","date_gmt":"2023-05-03T12:25:54","guid":{"rendered":"https:\/\/inspirademo.ulaideas.com\/?post_type=product&#038;p=5358"},"modified":"2023-05-03T12:29:28","modified_gmt":"2023-05-03T12:29:28","slug":"infografia-2","status":"publish","type":"product","link":"https:\/\/inspirademo.ulaideas.com\/index.php\/product\/infografia-2\/","title":{"rendered":"Infograf\u00eda"},"content":{"rendered":"<p>Este formato es ideal para mostrar conceptos, ideas, pasos, ciclos, entre otros. En este caso, la marca \u00dcla Ideas, para Bayer, lo utiliz\u00f3 haciendo una infograf\u00eda. Nuestro prop\u00f3sito es que el ejemplo te sirva como un insumo creativo y, a partir de este, generes nuevas ideas geniales, d\u00e1ndole diferentes giros. Te proponemos uno de tantos posibles que ser\u00eda mostrar la pantalla de un celular donde se muestre contenido y, haciendo un efecto de scroll, vaya cambiando. \u00a1Insp\u00edrate, crea nuevas maneras de hacerlo y comp\u00e1rtelas!<\/p>\n","protected":false},"excerpt":{"rendered":"<p><iframe loading=\"lazy\" src=\"https:\/\/www.facebook.com\/plugins\/post.php?href=https%3A%2F%2Fwww.facebook.com%2F100245642649911%2Fphotos%2Fa.114126121261863%2F161474253193716%2F%3Ftype%3D3&#038;show_text=true&#038;width=500\" width=\"500\" height=\"634\" style=\"border:none;overflow:hidden\" scrolling=\"no\" frameborder=\"0\" allowfullscreen=\"true\" allow=\"autoplay; clipboard-write; encrypted-media; picture-in-picture; web-share\"><\/iframe><\/p>\n","protected":false},"featured_media":5359,"comment_status":"open","ping_status":"closed","template":"","meta":{"inline_featured_image":false},"product_cat":[34],"product_tag":[42,87,56,88],"_links":{"self":[{"href":"https:\/\/inspirademo.ulaideas.com\/index.php\/wp-json\/wp\/v3\/product\/5358"}],"collection":[{"href":"https:\/\/inspirademo.ulaideas.com\/index.php\/wp-json\/wp\/v3\/product"}],"about":[{"href":"https:\/\/inspirademo.ulaideas.com\/index.php\/wp-json\/wp\/v2\/types\/product"}],"replies":[{"embeddable":true,"href":"https:\/\/inspirademo.ulaideas.com\/index.php\/wp-json\/wp\/v2\/comments?post=5358"}],"wp:featuredmedia":[{"embeddable":true,"href":"https:\/\/inspirademo.ulaideas.com\/index.php\/wp-json\/wp\/v2\/media\/5359"}],"wp:attachment":[{"href":"https:\/\/inspirademo.ulaideas.com\/index.php\/wp-json\/wp\/v2\/media?parent=5358"}],"wp:term":[{"taxonomy":"product_cat","embeddable":true,"href":"https:\/\/inspirademo.ulaideas.com\/index.php\/wp-json\/wp\/v2\/product_cat?post=5358"},{"taxonomy":"product_tag","embeddable":true,"href":"https:\/\/inspirademo.ulaideas.com\/index.php\/wp-json\/wp\/v2\/product_tag?post=5358"}],"curies":[{"name":"wp","href":"https:\/\/api.w.org\/{rel}","templated":true}]}}