{"id":5368,"date":"2023-05-03T12:48:45","date_gmt":"2023-05-03T12:48:45","guid":{"rendered":"https:\/\/inspirademo.ulaideas.com\/?post_type=product&#038;p=5368"},"modified":"2023-05-03T12:53:07","modified_gmt":"2023-05-03T12:53:07","slug":"frase","status":"publish","type":"product","link":"https:\/\/inspirademo.ulaideas.com\/index.php\/product\/frase\/","title":{"rendered":"Frase"},"content":{"rendered":"<p>Este formato es ideal para mostrar mensajes. En este caso, la marca \u00dcla Ideas, para Bayer, lo utiliz\u00f3 haciendo un juego de palabras que deb\u00edan unirse al seguir la direcci\u00f3n de unas flechas. Nuestro prop\u00f3sito es que el ejemplo te sirva como un insumo creativo y, a partir de este, generes nuevas ideas geniales, d\u00e1ndole diferentes giros. Te proponemos uno de tantos posibles que ser\u00eda mostrar el mensaje con s\u00edlabas faltantes y que estas est\u00e9n en diferentes partes del dise\u00f1o para que el usuario las ordene y complete el mensaje. \u00a1Insp\u00edrate, crea nuevas maneras de hacerlo y comp\u00e1rtelas!<\/p>\n","protected":false},"excerpt":{"rendered":"<p><iframe loading=\"lazy\" src=\"https:\/\/www.facebook.com\/plugins\/post.php?href=https%3A%2F%2Fwww.facebook.com%2Fpermalink.php%3Fstory_fbid%3Dpfbid022pkUKm1SHckEFTCznuhoYxw4QD6EH9rWvhdZKsrQv7UtGfdAFbsWx9ujhZ9821nwl%26id%3D100245642649911&#038;show_text=true&#038;width=500\" width=\"500\" height=\"609\" style=\"border:none;overflow:hidden\" scrolling=\"no\" frameborder=\"0\" allowfullscreen=\"true\" allow=\"autoplay; clipboard-write; encrypted-media; picture-in-picture; web-share\"><\/iframe><\/p>\n","protected":false},"featured_media":5369,"comment_status":"open","ping_status":"closed","template":"","meta":{"inline_featured_image":false},"product_cat":[34],"product_tag":[42,87,56,88],"_links":{"self":[{"href":"https:\/\/inspirademo.ulaideas.com\/index.php\/wp-json\/wp\/v3\/product\/5368"}],"collection":[{"href":"https:\/\/inspirademo.ulaideas.com\/index.php\/wp-json\/wp\/v3\/product"}],"about":[{"href":"https:\/\/inspirademo.ulaideas.com\/index.php\/wp-json\/wp\/v2\/types\/product"}],"replies":[{"embeddable":true,"href":"https:\/\/inspirademo.ulaideas.com\/index.php\/wp-json\/wp\/v2\/comments?post=5368"}],"wp:featuredmedia":[{"embeddable":true,"href":"https:\/\/inspirademo.ulaideas.com\/index.php\/wp-json\/wp\/v2\/media\/5369"}],"wp:attachment":[{"href":"https:\/\/inspirademo.ulaideas.com\/index.php\/wp-json\/wp\/v2\/media?parent=5368"}],"wp:term":[{"taxonomy":"product_cat","embeddable":true,"href":"https:\/\/inspirademo.ulaideas.com\/index.php\/wp-json\/wp\/v2\/product_cat?post=5368"},{"taxonomy":"product_tag","embeddable":true,"href":"https:\/\/inspirademo.ulaideas.com\/index.php\/wp-json\/wp\/v2\/product_tag?post=5368"}],"curies":[{"name":"wp","href":"https:\/\/api.w.org\/{rel}","templated":true}]}}