{"id":5376,"date":"2023-05-03T14:15:06","date_gmt":"2023-05-03T14:15:06","guid":{"rendered":"https:\/\/inspirademo.ulaideas.com\/?post_type=product&#038;p=5376"},"modified":"2023-05-03T14:18:05","modified_gmt":"2023-05-03T14:18:05","slug":"diferencias","status":"publish","type":"product","link":"https:\/\/inspirademo.ulaideas.com\/index.php\/product\/diferencias\/","title":{"rendered":"Diferencias"},"content":{"rendered":"<p>Este formato es ideal para mostrar comparaciones y diferencias. En este caso, la marca \u00dcla Ideas, para Bayer, lo utiliz\u00f3 haciendo un dise\u00f1o de la marca con varias r\u00e9plicas, aparentemente exactas, donde alginas ten\u00edan peque\u00f1as diferencias que deb\u00edan ser encontradas. Nuestro prop\u00f3sito es que el ejemplo te sirva como un insumo creativo y, a partir de este, generes nuevas ideas geniales, d\u00e1ndole diferentes giros. Te proponemos uno de tantos posibles que ser\u00eda mostrar diferentes cartas donde, al voltearlas, algunas tengan el mismo dise\u00f1o y otras no, luego ocultarlas de nuevo y que el usuario adivine cu\u00e1les son las diferentes. \u00a1Insp\u00edrate, crea nuevas maneras de hacerlo y comp\u00e1rtelas!<\/p>\n","protected":false},"excerpt":{"rendered":"<p><iframe loading=\"lazy\" src=\"https:\/\/www.facebook.com\/plugins\/post.php?href=https%3A%2F%2Fwww.facebook.com%2Fyoplaneomifuturocac%2Fposts%2Fpfbid0XxZPvrvQP42Pw3iF4RfzFVh6nKbXvNYRH1X7p5KTHYTYs3kX6QmmEHF3xoFzsjEql&#038;show_text=true&#038;width=500\" width=\"500\" height=\"648\" style=\"border:none;overflow:hidden\" scrolling=\"no\" frameborder=\"0\" allowfullscreen=\"true\" allow=\"autoplay; clipboard-write; encrypted-media; picture-in-picture; web-share\"><\/iframe><\/p>\n","protected":false},"featured_media":5377,"comment_status":"open","ping_status":"closed","template":"","meta":{"inline_featured_image":false},"product_cat":[34],"product_tag":[90,42,56,89],"_links":{"self":[{"href":"https:\/\/inspirademo.ulaideas.com\/index.php\/wp-json\/wp\/v3\/product\/5376"}],"collection":[{"href":"https:\/\/inspirademo.ulaideas.com\/index.php\/wp-json\/wp\/v3\/product"}],"about":[{"href":"https:\/\/inspirademo.ulaideas.com\/index.php\/wp-json\/wp\/v2\/types\/product"}],"replies":[{"embeddable":true,"href":"https:\/\/inspirademo.ulaideas.com\/index.php\/wp-json\/wp\/v2\/comments?post=5376"}],"wp:featuredmedia":[{"embeddable":true,"href":"https:\/\/inspirademo.ulaideas.com\/index.php\/wp-json\/wp\/v2\/media\/5377"}],"wp:attachment":[{"href":"https:\/\/inspirademo.ulaideas.com\/index.php\/wp-json\/wp\/v2\/media?parent=5376"}],"wp:term":[{"taxonomy":"product_cat","embeddable":true,"href":"https:\/\/inspirademo.ulaideas.com\/index.php\/wp-json\/wp\/v2\/product_cat?post=5376"},{"taxonomy":"product_tag","embeddable":true,"href":"https:\/\/inspirademo.ulaideas.com\/index.php\/wp-json\/wp\/v2\/product_tag?post=5376"}],"curies":[{"name":"wp","href":"https:\/\/api.w.org\/{rel}","templated":true}]}}